{"id":8,"date":"2018-04-16T14:13:35","date_gmt":"2018-04-16T14:13:35","guid":{"rendered":"http:\/\/xn--gstezimmer-frankenberg-04b.de\/?page_id=8"},"modified":"2018-04-25T14:41:47","modified_gmt":"2018-04-25T14:41:47","slug":"in-der-naehe","status":"publish","type":"page","link":"http:\/\/xn--gstezimmer-frankenberg-04b.de\/?page_id=8","title":{"rendered":"In der N\u00e4he"},"content":{"rendered":"<h2>Kultur und Gastronomie<\/h2>\n<p>Auch wenn Sie bei uns ruhig wohnen, sind viele Freizeitm\u00f6glichkeiten um das G\u00e4stehaus Frankenberg in Sachsen nicht weit. Zwei der sch\u00f6nsten m\u00f6chten wir Ihnen vorstellen:<\/p>\n<p><strong>Schloss &amp; Park Lichtenwalde ein ber\u00fchmtes Ausflugsziel im Erzgebirge<\/strong><\/p>\n<p>Das <a title=\"Schloss Lichtenwalde im Erzgebirge\" href=\"http:\/\/www.die-sehenswerten-drei.de\">Schloss und der angrenzende Park Lichtenwalde<\/a> bilden eines der bemerkenswertesten Barock-Ensembles in Deutschland. August der Starke lie\u00df von seinen Ministern die dreifl\u00fcgelige Anlage von 1722 &#8211; 1726 erbauen, sein Sohn den Park anlegen.<\/p>\n<p><strong>Jagd- und Lustschloss Augustusburg die Krone des Erzgebirge<\/strong><\/p>\n<p>Schloss Augustusburg nennt man &#8211; wegen seiner imposanten Lage auf einer Bergkuppe &#8211; die Krone des Erzgebirges. Die Augustusburg gilt heute als eines der monumentalsten Renaissanceschl\u00f6sser Mitteleuropas. Sehenswert und ein Besuch wert sind vor allem die illusionistischen Wandmalereien, die Schlosskirche und das Brunnenhaus.<\/p>\n<p>Vielf\u00e4ltige Informationen auch zu weiteren Sehensw\u00fcrdigkeiten und touristischen Anziehungspunkten finden Sie unter <a href=\"http:\/\/www.frankenberg-sachsen.de\" target=\"Frankenberg \/ Sachsen\">www.frankenberg-sachsen.de.<\/a> Ebenso finden Sie verschiedene Restaurants, B\u00e4ckerei, Fleischerei, Drogeriemarkt, Friseur in unmittelbarer N\u00e4he.<\/p>\n<div id=\"more\"><\/div>\n","protected":false},"excerpt":{"rendered":"<p>Kultur und Gastronomie Auch wenn Sie bei uns ruhig wohnen, sind viele Freizeitm\u00f6glichkeiten um das G\u00e4stehaus Frankenberg in Sachsen nicht weit. Zwei der sch\u00f6nsten m\u00f6chten wir Ihnen vorstellen: Schloss &amp; Park Lichtenwalde ein ber\u00fchmtes Ausflugsziel im Erzgebirge Das Schloss und der angrenzende Park Lichtenwalde bilden eines der bemerkenswertesten Barock-Ensembles in Deutschland. August der Starke lie\u00df &hellip; <\/p>\n<p class=\"link-more\"><a href=\"http:\/\/xn--gstezimmer-frankenberg-04b.de\/?page_id=8\" class=\"more-link\"><span class=\"screen-reader-text\">\u201eIn der N\u00e4he\u201c<\/span> weiterlesen<\/a><\/p>\n","protected":false},"author":1,"featured_media":0,"parent":0,"menu_order":0,"comment_status":"closed","ping_status":"closed","template":"","meta":[],"_links":{"self":[{"href":"http:\/\/xn--gstezimmer-frankenberg-04b.de\/index.php?rest_route=\/wp\/v2\/pages\/8"}],"collection":[{"href":"http:\/\/xn--gstezimmer-frankenberg-04b.de\/index.php?rest_route=\/wp\/v2\/pages"}],"about":[{"href":"http:\/\/xn--gstezimmer-frankenberg-04b.de\/index.php?rest_route=\/wp\/v2\/types\/page"}],"author":[{"embeddable":true,"href":"http:\/\/xn--gstezimmer-frankenberg-04b.de\/index.php?rest_route=\/wp\/v2\/users\/1"}],"replies":[{"embeddable":true,"href":"http:\/\/xn--gstezimmer-frankenberg-04b.de\/index.php?rest_route=%2Fwp%2Fv2%2Fcomments&post=8"}],"version-history":[{"count":5,"href":"http:\/\/xn--gstezimmer-frankenberg-04b.de\/index.php?rest_route=\/wp\/v2\/pages\/8\/revisions"}],"predecessor-version":[{"id":206,"href":"http:\/\/xn--gstezimmer-frankenberg-04b.de\/index.php?rest_route=\/wp\/v2\/pages\/8\/revisions\/206"}],"wp:attachment":[{"href":"http:\/\/xn--gstezimmer-frankenberg-04b.de\/index.php?rest_route=%2Fwp%2Fv2%2Fmedia&parent=8"}],"curies":[{"name":"wp","href":"https:\/\/api.w.org\/{rel}","templated":true}]}}