{"id":4,"date":"2018-04-16T14:13:13","date_gmt":"2018-04-16T14:13:13","guid":{"rendered":"http:\/\/xn--gstezimmer-frankenberg-04b.de\/?page_id=4"},"modified":"2020-02-04T12:13:34","modified_gmt":"2020-02-04T12:13:34","slug":"unser-haus","status":"publish","type":"page","link":"http:\/\/xn--gstezimmer-frankenberg-04b.de\/","title":{"rendered":"Unser Haus"},"content":{"rendered":"<div id=\"metaslider-id-195\" style=\"max-width: 700px; margin: 0 auto;\" class=\"ml-slider-3-15-2 metaslider metaslider-flex metaslider-195 ml-slider nav-hidden\">\n    <div id=\"metaslider_container_195\">\n        <div id=\"metaslider_195\" class=\"flexslider\">\n            <ul aria-live=\"polite\" class=\"slides\">\n                <li style=\"display: block; width: 100%;\" class=\"slide-201 ms-image\"><img width=\"480\" height=\"360\" src=\"http:\/\/xn--gstezimmer-frankenberg-04b.de\/wp-content\/uploads\/2018\/04\/p_0015.jpg\" class=\"slider-195 slide-201\" alt=\"\" decoding=\"async\" loading=\"lazy\" rel=\"\" title=\"p_0015\" srcset=\"http:\/\/xn--gstezimmer-frankenberg-04b.de\/wp-content\/uploads\/2018\/04\/p_0015.jpg 480w, http:\/\/xn--gstezimmer-frankenberg-04b.de\/wp-content\/uploads\/2018\/04\/p_0015-300x225.jpg 300w\" sizes=\"100vw\" \/><\/li>\n                <li style=\"display: none; width: 100%;\" class=\"slide-250 ms-image\"><img width=\"5184\" height=\"3456\" src=\"http:\/\/xn--gstezimmer-frankenberg-04b.de\/wp-content\/uploads\/2018\/05\/Mutti-Pension-48.jpg\" class=\"slider-195 slide-250\" alt=\"\" decoding=\"async\" loading=\"lazy\" rel=\"\" title=\"\" srcset=\"http:\/\/xn--gstezimmer-frankenberg-04b.de\/wp-content\/uploads\/2018\/05\/Mutti-Pension-48.jpg 5184w, http:\/\/xn--gstezimmer-frankenberg-04b.de\/wp-content\/uploads\/2018\/05\/Mutti-Pension-48-300x200.jpg 300w, http:\/\/xn--gstezimmer-frankenberg-04b.de\/wp-content\/uploads\/2018\/05\/Mutti-Pension-48-768x512.jpg 768w, http:\/\/xn--gstezimmer-frankenberg-04b.de\/wp-content\/uploads\/2018\/05\/Mutti-Pension-48-1024x683.jpg 1024w\" sizes=\"100vw\" \/><\/li>\n                <li style=\"display: none; width: 100%;\" class=\"slide-199 ms-image\"><img width=\"480\" height=\"360\" src=\"http:\/\/xn--gstezimmer-frankenberg-04b.de\/wp-content\/uploads\/2018\/04\/p_0013.jpg\" class=\"slider-195 slide-199\" alt=\"\" decoding=\"async\" loading=\"lazy\" rel=\"\" title=\"p_0013\" srcset=\"http:\/\/xn--gstezimmer-frankenberg-04b.de\/wp-content\/uploads\/2018\/04\/p_0013.jpg 480w, http:\/\/xn--gstezimmer-frankenberg-04b.de\/wp-content\/uploads\/2018\/04\/p_0013-300x225.jpg 300w\" sizes=\"100vw\" \/><\/li>\n            <\/ul>\n        <\/div>\n        \n    <\/div>\n<\/div>\n<p>\u00a0<\/p>\n<p>Unsere Pension in Frankenberg\/Sachsen verf\u00fcgt \u00fcber 2 komfortable Zimmer in stilvollem Ambiente. Bei einer Durchschnittsgr\u00f6\u00dfe von ca. 30 qm Wohnfl\u00e4che haben Sie gen\u00fcgend Raum f\u00fcr einen angenehmen und individuellen Aufenthalt. Aufbettung nach Absprache m\u00f6glich. Besonders interessant f\u00fcr unsere G\u00e4ste: ein Grillplatz steht zur kostenfreien Nutzung zur Verf\u00fcgung.<\/p>\n\n\n<p><\/p>\n","protected":false},"excerpt":{"rendered":"<p>\u00a0 Unsere Pension in Frankenberg\/Sachsen verf\u00fcgt \u00fcber 2 komfortable Zimmer in stilvollem Ambiente. Bei einer Durchschnittsgr\u00f6\u00dfe von ca. 30 qm Wohnfl\u00e4che haben Sie gen\u00fcgend Raum f\u00fcr einen angenehmen und individuellen Aufenthalt. Aufbettung nach Absprache m\u00f6glich. Besonders interessant f\u00fcr unsere G\u00e4ste: ein Grillplatz steht zur kostenfreien Nutzung zur Verf\u00fcgung.<\/p>\n","protected":false},"author":1,"featured_media":0,"parent":0,"menu_order":0,"comment_status":"closed","ping_status":"closed","template":"","meta":[],"_links":{"self":[{"href":"http:\/\/xn--gstezimmer-frankenberg-04b.de\/index.php?rest_route=\/wp\/v2\/pages\/4"}],"collection":[{"href":"http:\/\/xn--gstezimmer-frankenberg-04b.de\/index.php?rest_route=\/wp\/v2\/pages"}],"about":[{"href":"http:\/\/xn--gstezimmer-frankenberg-04b.de\/index.php?rest_route=\/wp\/v2\/types\/page"}],"author":[{"embeddable":true,"href":"http:\/\/xn--gstezimmer-frankenberg-04b.de\/index.php?rest_route=\/wp\/v2\/users\/1"}],"replies":[{"embeddable":true,"href":"http:\/\/xn--gstezimmer-frankenberg-04b.de\/index.php?rest_route=%2Fwp%2Fv2%2Fcomments&post=4"}],"version-history":[{"count":4,"href":"http:\/\/xn--gstezimmer-frankenberg-04b.de\/index.php?rest_route=\/wp\/v2\/pages\/4\/revisions"}],"predecessor-version":[{"id":277,"href":"http:\/\/xn--gstezimmer-frankenberg-04b.de\/index.php?rest_route=\/wp\/v2\/pages\/4\/revisions\/277"}],"wp:attachment":[{"href":"http:\/\/xn--gstezimmer-frankenberg-04b.de\/index.php?rest_route=%2Fwp%2Fv2%2Fmedia&parent=4"}],"curies":[{"name":"wp","href":"https:\/\/api.w.org\/{rel}","templated":true}]}}