{"id":11,"date":"2018-04-16T14:13:46","date_gmt":"2018-04-16T14:13:46","guid":{"rendered":"http:\/\/xn--gstezimmer-frankenberg-04b.de\/?page_id=11"},"modified":"2025-11-17T08:57:00","modified_gmt":"2025-11-17T08:57:00","slug":"preise","status":"publish","type":"page","link":"http:\/\/xn--gstezimmer-frankenberg-04b.de\/?page_id=11","title":{"rendered":"Preise"},"content":{"rendered":"<table class=\"cells\" width=\"100%\" cellspacing=\"2\" cellpadding=\"2\">\n<tbody>\n<tr>\n<td class=\"cell\" align=\"left\" valign=\"top\"><b>Zimmer<\/b><\/td>\n<td class=\"cell\" align=\"left\" valign=\"top\"><\/td>\n<td class=\"cell\" align=\"left\" valign=\"top\"><b>Preis<\/b><\/td>\n<td class=\"cell\" align=\"left\" valign=\"top\"><b>Aufbettung<\/b><\/td>\n<\/tr>\n<tr>\n<td class=\"cell\" align=\"left\" valign=\"top\"><b>Pro Tag\u00a0<\/b><\/td>\n<td class=\"cell\" align=\"left\" valign=\"top\"><\/td>\n<td class=\"cell\" align=\"left\" valign=\"top\">ab 60 \u20ac<\/td>\n<td class=\"cell\" align=\"left\" valign=\"top\">10 \u20ac, max. 2<\/td>\n<\/tr>\n<\/tbody>\n<\/table>\n<p>Sollten Sie Ihre Reservierung nicht nutzen k\u00f6nnen, bitten wir Sie uns rechtzeitig (14 Tage vorher) zu benachrichtigen. Andernfalls m\u00fcssen wir Ihnen eine Abstandszahlung in H\u00f6he von 50% der Reservierungssumme berechnen. Bei Absage 3 Tage vor dem Anreisetag, oder bei Nichterscheinen am Anreisetag, berechnen wir Ihnen 100% von der Rechnungssumme.<\/p>\n<p><strong>Zusatzleistungen<\/strong><\/p>\n<table class=\"cells\" width=\"100%\" cellspacing=\"2\" cellpadding=\"2\">\n<tbody>\n<tr>\n<td class=\"cell\" align=\"left\" valign=\"top\"><b>Fahrzeugstellplatz\u00a0<\/b><\/td>\n<td class=\"cell\" align=\"left\" valign=\"top\">Ohne gesonderte Berechnung!<\/td>\n<\/tr>\n<tr>\n<td class=\"cell\" align=\"left\" valign=\"top\"><b>Grillplatz\u00a0<\/b><\/td>\n<td class=\"cell\" align=\"left\" valign=\"top\">Ohne gesonderte Berechnung!<\/td>\n<\/tr>\n<\/tbody>\n<\/table>\n<p><strong>Service<\/strong><\/p>\n<table class=\"cells\" width=\"100%\" cellspacing=\"2\" cellpadding=\"2\">\n<tbody>\n<tr>\n<td class=\"cell\" align=\"left\" valign=\"top\"><b>Handt\u00fccher und Bettw\u00e4sche\u00a0<\/b><\/td>\n<td class=\"cell\" align=\"left\" valign=\"top\">kostenfrei<\/td>\n<\/tr>\n<tr>\n<td class=\"cell\" align=\"left\" valign=\"top\"><\/td>\n<td class=\"cell\" align=\"left\" valign=\"top\"><\/td>\n<\/tr>\n<\/tbody>\n<\/table>\n","protected":false},"excerpt":{"rendered":"<p>Zimmer Preis Aufbettung Pro Tag\u00a0 ab 60 \u20ac 10 \u20ac, max. 2 Sollten Sie Ihre Reservierung nicht nutzen k\u00f6nnen, bitten wir Sie uns rechtzeitig (14 Tage vorher) zu benachrichtigen. Andernfalls m\u00fcssen wir Ihnen eine Abstandszahlung in H\u00f6he von 50% der Reservierungssumme berechnen. Bei Absage 3 Tage vor dem Anreisetag, oder bei Nichterscheinen am Anreisetag, berechnen &hellip; <\/p>\n<p class=\"link-more\"><a href=\"http:\/\/xn--gstezimmer-frankenberg-04b.de\/?page_id=11\" class=\"more-link\"><span class=\"screen-reader-text\">\u201ePreise\u201c<\/span> weiterlesen<\/a><\/p>\n","protected":false},"author":1,"featured_media":0,"parent":0,"menu_order":0,"comment_status":"closed","ping_status":"closed","template":"","meta":[],"_links":{"self":[{"href":"http:\/\/xn--gstezimmer-frankenberg-04b.de\/index.php?rest_route=\/wp\/v2\/pages\/11"}],"collection":[{"href":"http:\/\/xn--gstezimmer-frankenberg-04b.de\/index.php?rest_route=\/wp\/v2\/pages"}],"about":[{"href":"http:\/\/xn--gstezimmer-frankenberg-04b.de\/index.php?rest_route=\/wp\/v2\/types\/page"}],"author":[{"embeddable":true,"href":"http:\/\/xn--gstezimmer-frankenberg-04b.de\/index.php?rest_route=\/wp\/v2\/users\/1"}],"replies":[{"embeddable":true,"href":"http:\/\/xn--gstezimmer-frankenberg-04b.de\/index.php?rest_route=%2Fwp%2Fv2%2Fcomments&post=11"}],"version-history":[{"count":13,"href":"http:\/\/xn--gstezimmer-frankenberg-04b.de\/index.php?rest_route=\/wp\/v2\/pages\/11\/revisions"}],"predecessor-version":[{"id":285,"href":"http:\/\/xn--gstezimmer-frankenberg-04b.de\/index.php?rest_route=\/wp\/v2\/pages\/11\/revisions\/285"}],"wp:attachment":[{"href":"http:\/\/xn--gstezimmer-frankenberg-04b.de\/index.php?rest_route=%2Fwp%2Fv2%2Fmedia&parent=11"}],"curies":[{"name":"wp","href":"https:\/\/api.w.org\/{rel}","templated":true}]}}